{"id":422,"date":"2019-05-16T13:42:16","date_gmt":"2019-05-16T11:42:16","guid":{"rendered":"http:\/\/inposdom.gob.do\/transparencia\/?page_id=422"},"modified":"2019-05-22T13:58:43","modified_gmt":"2019-05-22T11:58:43","slug":"terminos-de-uso","status":"publish","type":"page","link":"https:\/\/inposdom.gob.do\/transparencia\/terminos-de-uso\/","title":{"rendered":"T\u00e9rminos de Uso"},"content":{"rendered":"<p>[et_pb_section fb_built=&#8221;1&#8243; _builder_version=&#8221;3.22.6&#8243; background_color=&#8221;#d8d8d8&#8243;][et_pb_row _builder_version=&#8221;3.22.6&#8243;][et_pb_column type=&#8221;4_4&#8243; _builder_version=&#8221;3.22.6&#8243;][et_pb_text _builder_version=&#8221;3.22.6&#8243;]<\/p>\n<ul>\n<li><span style=\"color: #000000; font-family: verdana, geneva, sans-serif;\">Est\u00e1 aqu\u00ed: \u00a0<a style=\"color: #000000;\" href=\"https:\/\/inposdom.gob.do\/transparencia\">Inicio<\/a>\u00a0<\/span><span class=\"divider\"><span style=\"color: #000000; font-family: verdana, geneva, sans-serif;\">\/ <a href=\"https:\/\/inposdom.gob.do\/transparencia\/terminos-de-uso\/\" data-wplink-url-error=\"true\"><span style=\"color: #3366ff;\">T\u00e9rminos de Uso<\/span><\/a><\/span><\/span><\/li>\n<\/ul>\n<p>[\/et_pb_text][\/et_pb_column][\/et_pb_row][\/et_pb_section][et_pb_section fb_built=&#8221;1&#8243; specialty=&#8221;on&#8221; _builder_version=&#8221;3.22.6&#8243; locked=&#8221;off&#8221;][et_pb_column type=&#8221;1_3&#8243;][et_pb_sidebar _builder_version=&#8221;3.22.6&#8243; custom_margin=&#8221;|||&#8221; custom_padding=&#8221;|||&#8221;][\/et_pb_sidebar][\/et_pb_column][et_pb_column type=&#8221;2_3&#8243; specialty_columns=&#8221;2&#8243;][et_pb_row_inner _builder_version=&#8221;3.22.6&#8243;][et_pb_column_inner type=&#8221;4_4&#8243; saved_specialty_column_type=&#8221;2_3&#8243;][et_pb_text _builder_version=&#8221;3.22.6&#8243; custom_margin=&#8221;|0px||0px&#8221; custom_padding=&#8221;|0px||0px&#8221;]<\/p>\n<div class=\"itemHeader\">\n<h1 class=\"itemTitle\"><strong><span style=\"font-size: 18pt; color: #000000; font-family: verdana, geneva, sans-serif;\">T\u00e9rminos de Uso<\/span><\/strong><\/h1>\n<hr \/>\n<\/div>\n<p>&nbsp;<\/p>\n<p>&nbsp;<\/p>\n<p><span style=\"color: #000000; font-size: 12pt; font-family: verdana, geneva, sans-serif;\">Los presentes t\u00e9rminos de uso (en lo que sigue, los \u201cT\u00e9rminos de Uso\u201d) regulan los servicios del portal web \u201chttp:\/\/www.inposdom\/transparencia.gob.do\u201d (en lo que sigue, el \u201cPortal\u201d) del organismo gubernamental \u201cInstituto Postal Dominicano\u201d (en lo que sigue, \u201cOrganismo Gubernamental\u201d), creado en fecha 20 de mayo del a\u00f1o 2019, bajo la direcci\u00f3n del Departamento de Tecnolog\u00eda (en lo que sigue, \u201cDepartamento TIC\u201d), del Organismo Gubernamental, instituci\u00f3n gubernamental creada mediante la Ley-307 Ley Que Crea al Instituto Postal Dominicano, con su domicilio y oficina principal en la C\/ H\u00e9roes de Luper\u00f3n esq. Rafael Damir\u00f3n, Centro de Los H\u00e9roes, Santo Domingo, R.D.<\/span><\/p>\n<p>&nbsp;<\/p>\n<p><span style=\"color: #000000; font-size: 12pt; font-family: verdana, geneva, sans-serif;\">El uso del Portal le otorga la condici\u00f3n de usuario del Portal (en lo que sigue, el \u201cUsuario\u201d) e implica la aceptaci\u00f3n plena y sin reservas de todas y cada una de las disposiciones establecidas en los T\u00e9rminos de Uso y las Pol\u00edticas publicadas por el Organismo Gubernamental al momento en que el Usuario acceda al Portal. Por lo tanto, se hace necesario que el Usuario lea detenidamente estos t\u00e9rminos en cada ocasi\u00f3n en que utilice el Portal, ya que este puede sufrir modificaciones sin previo aviso.<\/span><\/p>\n<p>&nbsp;<\/p>\n<ol>\n<li><span style=\"color: #000000; font-size: 12pt; font-family: verdana, geneva, sans-serif;\">Objeto.- A trav\u00e9s del Portal, el Organismo Gubernamental facilita a los Usuarios el acceso y el uso de los servicios, informaciones y contenidos (en lo que sigue, los \u201cServicios\u201d) colocados a disposici\u00f3n por el Organismo Gubernamental o por terceros.<\/span><\/li>\n<li><span style=\"color: #000000; font-size: 12pt; font-family: verdana, geneva, sans-serif;\">Condiciones de Accesibilidad y Uso del Portal.<\/span>\n<ol>\n<li><span style=\"color: #000000; font-size: 12pt; font-family: verdana, geneva, sans-serif;\">Car\u00e1cter gratuito del acceso y uso del Portal.- La prestaci\u00f3n de los Servicios, de parte del Organismo Gubernamental, tiene car\u00e1cter gratuito para el Usuario. Sin perjuicio de lo anterior, algunos de los Servicios suministrados por el Organismo Gubernamental a trav\u00e9s del Portal podr\u00edan estar sujetos al pago de una tasa la cual estar\u00eda establecida en el mismo.<\/span><\/li>\n<li><span style=\"color: #000000; font-size: 12pt; font-family: verdana, geneva, sans-serif;\">Registro del Usuario.- De manera general, la prestaci\u00f3n de los Servicios no exige la suscripci\u00f3n o registro previo de parte del Usuario.<\/span><\/li>\n<li><span style=\"color: #000000; font-size: 12pt; font-family: verdana, geneva, sans-serif;\">Veracidad de la informaci\u00f3n.- Toda informaci\u00f3n facilitada al Usuario mediante los Servicios deber\u00e1 ser veraz. Por esto, el Usuario se compromete a garantizar el car\u00e1cter aut\u00e9ntico de los datos que provea a consecuencia de los requisitos de los formularios necesarios para la suscripci\u00f3n de los Servicios. De igual forma, ser\u00e1 responsabilidad del Usuario mantener toda la informaci\u00f3n facilitada al Organismo Gubernamental debidamente actualizada de manera tal que responda, en cada momento, a la situaci\u00f3n real del Usuario. En todo caso el Usuario ser\u00e1 el \u00fanico responsable de las informaciones falsas o inexactas que realice y de los perjuicios que pueda causar el Organismo Gubernamental o a terceros por la informaci\u00f3n que suministre.<\/span><\/li>\n<li><span style=\"color: #000000; font-size: 12pt; font-family: verdana, geneva, sans-serif;\">Propiedad Intelectual.- Todo el contenido de este Portal, ya sean textos, im\u00e1genes, recopilaciones, marcas, logotipos, combinaciones de colores, o cualquier otro elemento, su estructura y dise\u00f1o, la selecci\u00f3n y forma de presentaci\u00f3n de los materiales incluidos en la misma, y los programas necesarios para su funcionamiento, acceso y uso, est\u00e1n protegidos por derechos de propiedad intelectual, de los cuales es titular el Organismo Gubernamental o de terceros licenciantes, que el Usuario de este Portal debe respetar.<\/span><\/li>\n<li><span style=\"color: #000000; font-size: 12pt; font-family: verdana, geneva, sans-serif;\">El Usuario del Portal deber\u00e1 abstenerse de suprimir, alterar, eludir o manipular cualquier dispositivo de protecci\u00f3n o sistema de seguridad que pueda estar instalado en el mismo.<\/span><\/li>\n<\/ol>\n<\/li>\n<li><span style=\"color: #000000; font-size: 12pt; font-family: verdana, geneva, sans-serif;\">Protecci\u00f3n de los datos personales.- Para utilizar algunos de los Servicios, el Usuario debe facilitar previamente al Organismo Gubernamental algunos datos de car\u00e1cter personal (en lo que sigue, los \u201cDatos Personales\u201d).<\/span>\n<ol>\n<li><span style=\"color: #000000; font-size: 12pt; font-family: verdana, geneva, sans-serif;\">El Organismo Gubernamental tratar\u00e1 de forma autom\u00e1tica los Datos Personales con la finalidad y las condiciones, definidas en su Pol\u00edtica de Privacidad. EL Organismo Gubernamental no garantiza la ausencia de virus ni de otros elementos en los Servicios prestados por terceros a trav\u00e9s del Portal que puedan causar alteraciones en el sistema inform\u00e1tico del Usuario (software y hardware) o en los documentos electr\u00f3nicos y\/o bases de datos de su sistema inform\u00e1tico.<\/span><\/li>\n<li><span style=\"color: #000000; font-size: 12pt; font-family: verdana, geneva, sans-serif;\">EL Organismo Gubernamental ha adoptado los niveles de seguridad de protecci\u00f3n que entiende necesarios y procura instalar los medios y medidas t\u00e9cnicas de protecci\u00f3n que se vayan haciendo necesarias. Sin embargo, el Usuario debe estar consciente de que las medidas de seguridad en la Internet no son inviolables.<\/span><\/li>\n<li><span style=\"color: #000000; font-size: 12pt; font-family: verdana, geneva, sans-serif;\">El Organismo Gubernamental puede utilizar cookies cuando un Usuario navega por los sitios y p\u00e1ginas Web del Portal. Las cookies que se puedan usar en los sitios y p\u00e1ginas Web del Portal se asocian \u00fanicamente con el navegador de un computador determinado (un Usuario an\u00f3nimo), y no proporcionan en s\u00ed mismas el nombre y apellido del Usuario. Gracias a las \u201ccookies\u201d, resulta posible que el Organismo Gubernamental reconozca los navegadores de los Usuarios registrados (luego de que \u00e9stos se hayan registrado por primera vez), esto ayuda que no tengan que registrarse cada vez que visita las \u00e1reas y los Servicios reservados exclusivamente a ellos. Las \u201ccookies\u201d utilizadas no pueden leer archivos \u201ccookie\u201d creados por otros proveedores. El Usuario tiene la posibilidad de configurar su navegador para ser avisado en su pantalla de la recepci\u00f3n de \u201ccookies\u201d y para impedir la instalaci\u00f3n de las mismas en el disco duro.<\/span><\/li>\n<li><span style=\"color: #000000; font-size: 12pt; font-family: verdana, geneva, sans-serif;\">Para utilizar el Portal no es indispensable la instalaci\u00f3n de las \u201ccookies\u201d enviadas por el Organismo Gubernamental, sin perjuicio de que en tal caso puede ser necesario que el Usuario se registre cada vez que acceda a un Servicio que requiera un registro previo.<\/span><\/li>\n<\/ol>\n<\/li>\n<\/ol>\n<p style=\"text-align: justify;\" align=\"justify\">[\/et_pb_text][et_pb_text _builder_version=&#8221;3.22.6&#8243;]<\/p>\n<p><strong><span style=\"font-family: verdana, geneva, sans-serif; font-size: 14pt; color: #000000;\">Compartir<\/span><\/strong><\/p>\n<hr \/>\n<div class=\"printfriendly pf-button  pf-alignleft\">\n                    <a href=\"https:\/\/inposdom.gob.do\/transparencia\/terminos-de-uso\/?pfstyle=wp\" rel=\"nofollow\" onclick=\"\" title=\"Printer Friendly, PDF & Email\">\n                    <img decoding=\"async\" class=\"pf-button-img\" src=\"https:\/\/cdn.printfriendly.com\/buttons\/printfriendly-pdf-email-button-md.png\" alt=\"Print Friendly, PDF & Email\" style=\"width: 194px;height: 30px;\"  \/>\n                    <\/a>\n                <\/div>\n<p>[\/et_pb_text][\/et_pb_column_inner][\/et_pb_row_inner][\/et_pb_column][\/et_pb_section]<\/p>\n","protected":false},"excerpt":{"rendered":"<p>[et_pb_section fb_built=&#8221;1&#8243; _builder_version=&#8221;3.22.6&#8243; background_color=&#8221;#d8d8d8&#8243;][et_pb_row _builder_version=&#8221;3.22.6&#8243;][et_pb_column type=&#8221;4_4&#8243; _builder_version=&#8221;3.22.6&#8243;][et_pb_text _builder_version=&#8221;3.22.6&#8243;] Est\u00e1 aqu\u00ed: \u00a0Inicio\u00a0\/ T\u00e9rminos de Uso [\/et_pb_text][\/et_pb_column][\/et_pb_row][\/et_pb_section][et_pb_section fb_built=&#8221;1&#8243; specialty=&#8221;on&#8221; _builder_version=&#8221;3.22.6&#8243; locked=&#8221;off&#8221;][et_pb_column type=&#8221;1_3&#8243;][et_pb_sidebar _builder_version=&#8221;3.22.6&#8243; custom_margin=&#8221;|||&#8221; custom_padding=&#8221;|||&#8221;][\/et_pb_sidebar][\/et_pb_column][et_pb_column type=&#8221;2_3&#8243; specialty_columns=&#8221;2&#8243;][et_pb_row_inner _builder_version=&#8221;3.22.6&#8243;][et_pb_column_inner type=&#8221;4_4&#8243; saved_specialty_column_type=&#8221;2_3&#8243;][et_pb_text _builder_version=&#8221;3.22.6&#8243; custom_margin=&#8221;|0px||0px&#8221; custom_padding=&#8221;|0px||0px&#8221;] T\u00e9rminos de Uso &nbsp; &nbsp; Los presentes t\u00e9rminos de uso (en lo que sigue, los \u201cT\u00e9rminos de Uso\u201d) regulan los servicios del portal web [&hellip;]<\/p>\n","protected":false},"author":1,"featured_media":0,"parent":0,"menu_order":0,"comment_status":"closed","ping_status":"closed","template":"page-template-blank.php","meta":{"footnotes":""},"class_list":["post-422","page","type-page","status-publish","hentry"],"yoast_head":"<!-- This site is optimized with the Yoast SEO plugin v25.6 - https:\/\/yoast.com\/wordpress\/plugins\/seo\/ -->\n<title>T\u00e9rminos de Uso - Transparencia<\/title>\n<meta name=\"robots\" content=\"index, follow, max-snippet:-1, max-image-preview:large, max-video-preview:-1\" \/>\n<link rel=\"canonical\" href=\"https:\/\/inposdom.gob.do\/transparencia\/terminos-de-uso\/\" \/>\n<meta property=\"og:locale\" content=\"es_ES\" \/>\n<meta property=\"og:type\" content=\"article\" \/>\n<meta property=\"og:title\" content=\"T\u00e9rminos de Uso - Transparencia\" \/>\n<meta property=\"og:description\" content=\"[et_pb_section fb_built=&#8221;1&#8243; _builder_version=&#8221;3.22.6&#8243; background_color=&#8221;#d8d8d8&#8243;][et_pb_row _builder_version=&#8221;3.22.6&#8243;][et_pb_column type=&#8221;4_4&#8243; _builder_version=&#8221;3.22.6&#8243;][et_pb_text _builder_version=&#8221;3.22.6&#8243;] Est\u00e1 aqu\u00ed: \u00a0Inicio\u00a0\/ T\u00e9rminos de Uso [\/et_pb_text][\/et_pb_column][\/et_pb_row][\/et_pb_section][et_pb_section fb_built=&#8221;1&#8243; specialty=&#8221;on&#8221; _builder_version=&#8221;3.22.6&#8243; locked=&#8221;off&#8221;][et_pb_column type=&#8221;1_3&#8243;][et_pb_sidebar _builder_version=&#8221;3.22.6&#8243; custom_margin=&#8221;|||&#8221; custom_padding=&#8221;|||&#8221;][\/et_pb_sidebar][\/et_pb_column][et_pb_column type=&#8221;2_3&#8243; specialty_columns=&#8221;2&#8243;][et_pb_row_inner _builder_version=&#8221;3.22.6&#8243;][et_pb_column_inner type=&#8221;4_4&#8243; saved_specialty_column_type=&#8221;2_3&#8243;][et_pb_text _builder_version=&#8221;3.22.6&#8243; custom_margin=&#8221;|0px||0px&#8221; custom_padding=&#8221;|0px||0px&#8221;] T\u00e9rminos de Uso &nbsp; &nbsp; Los presentes t\u00e9rminos de uso (en lo que sigue, los \u201cT\u00e9rminos de Uso\u201d) regulan los servicios del portal web [&hellip;]\" \/>\n<meta property=\"og:url\" content=\"https:\/\/inposdom.gob.do\/transparencia\/terminos-de-uso\/\" \/>\n<meta property=\"og:site_name\" content=\"Transparencia\" \/>\n<meta property=\"article:modified_time\" content=\"2019-05-22T11:58:43+00:00\" \/>\n<meta name=\"twitter:card\" content=\"summary_large_image\" \/>\n<meta name=\"twitter:label1\" content=\"Tiempo de lectura\" \/>\n\t<meta name=\"twitter:data1\" content=\"5 minutos\" \/>\n<script type=\"application\/ld+json\" class=\"yoast-schema-graph\">{\"@context\":\"https:\/\/schema.org\",\"@graph\":[{\"@type\":\"WebPage\",\"@id\":\"https:\/\/inposdom.gob.do\/transparencia\/terminos-de-uso\/\",\"url\":\"https:\/\/inposdom.gob.do\/transparencia\/terminos-de-uso\/\",\"name\":\"T\u00e9rminos de Uso - Transparencia\",\"isPartOf\":{\"@id\":\"https:\/\/inposdom.gob.do\/transparencia\/#website\"},\"datePublished\":\"2019-05-16T11:42:16+00:00\",\"dateModified\":\"2019-05-22T11:58:43+00:00\",\"breadcrumb\":{\"@id\":\"https:\/\/inposdom.gob.do\/transparencia\/terminos-de-uso\/#breadcrumb\"},\"inLanguage\":\"es\",\"potentialAction\":[{\"@type\":\"ReadAction\",\"target\":[\"https:\/\/inposdom.gob.do\/transparencia\/terminos-de-uso\/\"]}]},{\"@type\":\"BreadcrumbList\",\"@id\":\"https:\/\/inposdom.gob.do\/transparencia\/terminos-de-uso\/#breadcrumb\",\"itemListElement\":[{\"@type\":\"ListItem\",\"position\":1,\"name\":\"Portada\",\"item\":\"https:\/\/inposdom.gob.do\/transparencia\/\"},{\"@type\":\"ListItem\",\"position\":2,\"name\":\"T\u00e9rminos de Uso\"}]},{\"@type\":\"WebSite\",\"@id\":\"https:\/\/inposdom.gob.do\/transparencia\/#website\",\"url\":\"https:\/\/inposdom.gob.do\/transparencia\/\",\"name\":\"Transparencia\",\"description\":\"Subportal de Transparencia del Instituto Postal Dominicano (INPOSDOM)\",\"potentialAction\":[{\"@type\":\"SearchAction\",\"target\":{\"@type\":\"EntryPoint\",\"urlTemplate\":\"https:\/\/inposdom.gob.do\/transparencia\/?s={search_term_string}\"},\"query-input\":{\"@type\":\"PropertyValueSpecification\",\"valueRequired\":true,\"valueName\":\"search_term_string\"}}],\"inLanguage\":\"es\"}]}<\/script>\n<!-- \/ Yoast SEO plugin. -->","yoast_head_json":{"title":"T\u00e9rminos de Uso - Transparencia","robots":{"index":"index","follow":"follow","max-snippet":"max-snippet:-1","max-image-preview":"max-image-preview:large","max-video-preview":"max-video-preview:-1"},"canonical":"https:\/\/inposdom.gob.do\/transparencia\/terminos-de-uso\/","og_locale":"es_ES","og_type":"article","og_title":"T\u00e9rminos de Uso - Transparencia","og_description":"[et_pb_section fb_built=&#8221;1&#8243; _builder_version=&#8221;3.22.6&#8243; background_color=&#8221;#d8d8d8&#8243;][et_pb_row _builder_version=&#8221;3.22.6&#8243;][et_pb_column type=&#8221;4_4&#8243; _builder_version=&#8221;3.22.6&#8243;][et_pb_text _builder_version=&#8221;3.22.6&#8243;] Est\u00e1 aqu\u00ed: \u00a0Inicio\u00a0\/ T\u00e9rminos de Uso [\/et_pb_text][\/et_pb_column][\/et_pb_row][\/et_pb_section][et_pb_section fb_built=&#8221;1&#8243; specialty=&#8221;on&#8221; _builder_version=&#8221;3.22.6&#8243; locked=&#8221;off&#8221;][et_pb_column type=&#8221;1_3&#8243;][et_pb_sidebar _builder_version=&#8221;3.22.6&#8243; custom_margin=&#8221;|||&#8221; custom_padding=&#8221;|||&#8221;][\/et_pb_sidebar][\/et_pb_column][et_pb_column type=&#8221;2_3&#8243; specialty_columns=&#8221;2&#8243;][et_pb_row_inner _builder_version=&#8221;3.22.6&#8243;][et_pb_column_inner type=&#8221;4_4&#8243; saved_specialty_column_type=&#8221;2_3&#8243;][et_pb_text _builder_version=&#8221;3.22.6&#8243; custom_margin=&#8221;|0px||0px&#8221; custom_padding=&#8221;|0px||0px&#8221;] T\u00e9rminos de Uso &nbsp; &nbsp; Los presentes t\u00e9rminos de uso (en lo que sigue, los \u201cT\u00e9rminos de Uso\u201d) regulan los servicios del portal web [&hellip;]","og_url":"https:\/\/inposdom.gob.do\/transparencia\/terminos-de-uso\/","og_site_name":"Transparencia","article_modified_time":"2019-05-22T11:58:43+00:00","twitter_card":"summary_large_image","twitter_misc":{"Tiempo de lectura":"5 minutos"},"schema":{"@context":"https:\/\/schema.org","@graph":[{"@type":"WebPage","@id":"https:\/\/inposdom.gob.do\/transparencia\/terminos-de-uso\/","url":"https:\/\/inposdom.gob.do\/transparencia\/terminos-de-uso\/","name":"T\u00e9rminos de Uso - Transparencia","isPartOf":{"@id":"https:\/\/inposdom.gob.do\/transparencia\/#website"},"datePublished":"2019-05-16T11:42:16+00:00","dateModified":"2019-05-22T11:58:43+00:00","breadcrumb":{"@id":"https:\/\/inposdom.gob.do\/transparencia\/terminos-de-uso\/#breadcrumb"},"inLanguage":"es","potentialAction":[{"@type":"ReadAction","target":["https:\/\/inposdom.gob.do\/transparencia\/terminos-de-uso\/"]}]},{"@type":"BreadcrumbList","@id":"https:\/\/inposdom.gob.do\/transparencia\/terminos-de-uso\/#breadcrumb","itemListElement":[{"@type":"ListItem","position":1,"name":"Portada","item":"https:\/\/inposdom.gob.do\/transparencia\/"},{"@type":"ListItem","position":2,"name":"T\u00e9rminos de Uso"}]},{"@type":"WebSite","@id":"https:\/\/inposdom.gob.do\/transparencia\/#website","url":"https:\/\/inposdom.gob.do\/transparencia\/","name":"Transparencia","description":"Subportal de Transparencia del Instituto Postal Dominicano (INPOSDOM)","potentialAction":[{"@type":"SearchAction","target":{"@type":"EntryPoint","urlTemplate":"https:\/\/inposdom.gob.do\/transparencia\/?s={search_term_string}"},"query-input":{"@type":"PropertyValueSpecification","valueRequired":true,"valueName":"search_term_string"}}],"inLanguage":"es"}]}},"_links":{"self":[{"href":"https:\/\/inposdom.gob.do\/transparencia\/wp-json\/wp\/v2\/pages\/422","targetHints":{"allow":["GET"]}}],"collection":[{"href":"https:\/\/inposdom.gob.do\/transparencia\/wp-json\/wp\/v2\/pages"}],"about":[{"href":"https:\/\/inposdom.gob.do\/transparencia\/wp-json\/wp\/v2\/types\/page"}],"author":[{"embeddable":true,"href":"https:\/\/inposdom.gob.do\/transparencia\/wp-json\/wp\/v2\/users\/1"}],"replies":[{"embeddable":true,"href":"https:\/\/inposdom.gob.do\/transparencia\/wp-json\/wp\/v2\/comments?post=422"}],"version-history":[{"count":0,"href":"https:\/\/inposdom.gob.do\/transparencia\/wp-json\/wp\/v2\/pages\/422\/revisions"}],"wp:attachment":[{"href":"https:\/\/inposdom.gob.do\/transparencia\/wp-json\/wp\/v2\/media?parent=422"}],"curies":[{"name":"wp","href":"https:\/\/api.w.org\/{rel}","templated":true}]}}