{"id":1693,"date":"2021-09-13T13:52:38","date_gmt":"2021-09-13T13:52:38","guid":{"rendered":"https:\/\/inposdom.gob.do\/filatelia\/?page_id=1693"},"modified":"2021-09-13T13:57:34","modified_gmt":"2021-09-13T13:57:34","slug":"contactos2","status":"publish","type":"page","link":"https:\/\/inposdom.gob.do\/filatelia\/contactos2\/","title":{"rendered":"Contactos2"},"content":{"rendered":"\t\t<div data-elementor-type=\"wp-page\" data-elementor-id=\"1693\" class=\"elementor elementor-1693\" data-elementor-post-type=\"page\">\n\t\t\t\t\t\t<section class=\"elementor-section elementor-top-section elementor-element elementor-element-560b37b elementor-section-boxed elementor-section-height-default elementor-section-height-default\" data-id=\"560b37b\" data-element_type=\"section\">\n\t\t\t\t\t\t<div class=\"elementor-container elementor-column-gap-default\">\n\t\t\t\t\t<div class=\"elementor-column elementor-col-50 elementor-top-column elementor-element elementor-element-17c725e\" data-id=\"17c725e\" data-element_type=\"column\">\n\t\t\t<div class=\"elementor-widget-wrap elementor-element-populated\">\n\t\t\t\t\t\t<div class=\"elementor-element elementor-element-47083cf elementor-widget elementor-widget-text-editor\" data-id=\"47083cf\" data-element_type=\"widget\" data-widget_type=\"text-editor.default\">\n\t\t\t\t<div class=\"elementor-widget-container\">\n\t\t\t\t\t\t\t\t\t<p style=\"text-align: left;\"><img fetchpriority=\"high\" decoding=\"async\" class=\"wp-image-1094 alignnone\" src=\"https:\/\/inposdom.gob.do\/filatelia\/wp-content\/uploads\/2021\/08\/Filatelia-03.png\" alt=\"\" width=\"299\" height=\"181\" \/><br \/><span style=\"font-size: 14pt; color: #003300;\">C\/ H\u00e9roes de Luper\u00f3n esq. Rafael Damir\u00f3n, Centro de Los H\u00e9roes, <\/span><span style=\"font-size: 14pt; color: #003300;\">Santo Domingo, Rep\u00fablica Dominicana<\/span><\/p><p>\u00a0<\/p><p><span style=\"font-size: 14pt; color: #003300;\"><strong>Representante:<\/strong> Atala Lluberes<\/span><\/p><p>\u00a0<\/p><p class=\"parrafo\"><span style=\"font-size: 14pt; color: #003300;\"><strong>E-Mail:<\/strong>\u00a0 <\/span><span style=\"font-size: 14pt; color: #003300;\"><a style=\"color: #003300;\" href=\"mailto:filateliadominicana@gmail.com\">Filateliadominicana@gmail.com<\/a><\/span><\/p><p>\u00a0<\/p><p class=\"parrafo\"><span style=\"font-size: 14pt; color: #003300;\"><strong>Horario:<\/strong>\u00a0<\/span><span style=\"font-size: 14pt; color: #003300;\">Lunes a Viernes de 8:00am \u2013 3:30pm<\/span><\/p><p>\u00a0<\/p><p class=\"parrafo\"><span style=\"font-size: 14pt; color: #003300;\"><strong>Tel\u00e9fono:<\/strong> 809-534-5838 ext. 310<\/span><\/p><p>\u00a0<\/p><p><span style=\"font-size: 14pt; color: #003300;\"><strong>Flota: <\/strong>829-904-4555<\/span><\/p>\t\t\t\t\t\t\t\t<\/div>\n\t\t\t\t<\/div>\n\t\t\t\t\t<\/div>\n\t\t<\/div>\n\t\t\t\t<div class=\"elementor-column elementor-col-50 elementor-top-column elementor-element elementor-element-28240ad\" data-id=\"28240ad\" data-element_type=\"column\">\n\t\t\t<div class=\"elementor-widget-wrap\">\n\t\t\t\t\t\t\t<\/div>\n\t\t<\/div>\n\t\t\t\t\t<\/div>\n\t\t<\/section>\n\t\t\t\t<\/div>\n\t\t","protected":false},"excerpt":{"rendered":"<p>C\/ H\u00e9roes de Luper\u00f3n esq. Rafael Damir\u00f3n, Centro de Los H\u00e9roes, Santo Domingo, Rep\u00fablica Dominicana \u00a0 Representante: Atala Lluberes \u00a0 E-Mail:\u00a0 Filateliadominicana@gmail.com \u00a0 Horario:\u00a0Lunes a Viernes de 8:00am \u2013 3:30pm \u00a0 Tel\u00e9fono: 809-534-5838 ext. 310 \u00a0 Flota: 829-904-4555<\/p>\n","protected":false},"author":1,"featured_media":0,"parent":0,"menu_order":0,"comment_status":"closed","ping_status":"closed","template":"elementor_header_footer","meta":{"footnotes":""},"class_list":["post-1693","page","type-page","status-publish","hentry"],"_links":{"self":[{"href":"https:\/\/inposdom.gob.do\/filatelia\/wp-json\/wp\/v2\/pages\/1693","targetHints":{"allow":["GET"]}}],"collection":[{"href":"https:\/\/inposdom.gob.do\/filatelia\/wp-json\/wp\/v2\/pages"}],"about":[{"href":"https:\/\/inposdom.gob.do\/filatelia\/wp-json\/wp\/v2\/types\/page"}],"author":[{"embeddable":true,"href":"https:\/\/inposdom.gob.do\/filatelia\/wp-json\/wp\/v2\/users\/1"}],"replies":[{"embeddable":true,"href":"https:\/\/inposdom.gob.do\/filatelia\/wp-json\/wp\/v2\/comments?post=1693"}],"version-history":[{"count":0,"href":"https:\/\/inposdom.gob.do\/filatelia\/wp-json\/wp\/v2\/pages\/1693\/revisions"}],"wp:attachment":[{"href":"https:\/\/inposdom.gob.do\/filatelia\/wp-json\/wp\/v2\/media?parent=1693"}],"curies":[{"name":"wp","href":"https:\/\/api.w.org\/{rel}","templated":true}]}}