{"id":1313,"date":"2021-09-01T17:50:13","date_gmt":"2021-09-01T17:50:13","guid":{"rendered":"https:\/\/inposdom.gob.do\/filatelia\/?page_id=1313"},"modified":"2025-10-09T12:21:02","modified_gmt":"2025-10-09T16:21:02","slug":"mundo-filatelico","status":"publish","type":"page","link":"https:\/\/inposdom.gob.do\/filatelia\/mundo-filatelico\/","title":{"rendered":"Mundo filatelico"},"content":{"rendered":"\t\t<div data-elementor-type=\"wp-page\" data-elementor-id=\"1313\" class=\"elementor elementor-1313\" data-elementor-post-type=\"page\">\n\t\t\t\t<div class=\"elementor-element elementor-element-1f66e76 e-flex e-con-boxed e-con e-parent\" data-id=\"1f66e76\" data-element_type=\"container\" data-settings=\"{&quot;background_background&quot;:&quot;classic&quot;}\">\n\t\t\t\t\t<div class=\"e-con-inner\">\n\t\t<div class=\"elementor-element elementor-element-47c3a1d e-con-full e-flex e-con e-child\" data-id=\"47c3a1d\" data-element_type=\"container\">\n\t\t\t\t<div class=\"elementor-element elementor-element-98047ce elementor-widget__width-auto elementor-widget elementor-widget-heading\" data-id=\"98047ce\" data-element_type=\"widget\" data-widget_type=\"heading.default\">\n\t\t\t\t<div class=\"elementor-widget-container\">\n\t\t\t\t\t<h2 class=\"elementor-heading-title elementor-size-default\">Mundo Filat\u00e9lico<\/h2>\t\t\t\t<\/div>\n\t\t\t\t<\/div>\n\t\t\t\t<div class=\"elementor-element elementor-element-137f9d9 elementor-widget elementor-widget-eael-breadcrumbs\" data-id=\"137f9d9\" data-element_type=\"widget\" data-widget_type=\"eael-breadcrumbs.default\">\n\t\t\t\t<div class=\"elementor-widget-container\">\n\t\t\t\t\t\t\t<div class=\"eael-breadcrumbs\">\n\t\t\t<div class=\"eael-breadcrumbs__content\"><a href=\"https:\/\/inposdom.gob.do\/filatelia\">Inicio<\/a> <span class=\"eael-breadcrumb-separator\">\/<\/span> <span class = \"eael-current\">P\u00e1gina<\/span><\/div>\t\t<\/div>\n\t\t\t\t\t\t<\/div>\n\t\t\t\t<\/div>\n\t\t\t\t<\/div>\n\t\t\t\t\t<\/div>\n\t\t\t\t<\/div>\n\t\t<div class=\"elementor-element elementor-element-2ca1b12 e-flex e-con-boxed e-con e-parent\" data-id=\"2ca1b12\" data-element_type=\"container\" data-settings=\"{&quot;shape_divider_bottom&quot;:&quot;waves&quot;,&quot;background_background&quot;:&quot;classic&quot;}\">\n\t\t\t\t\t<div class=\"e-con-inner\">\n\t\t\t\t<div class=\"elementor-shape elementor-shape-bottom\" aria-hidden=\"true\" data-negative=\"false\">\n\t\t\t<svg xmlns=\"http:\/\/www.w3.org\/2000\/svg\" viewBox=\"0 0 1000 100\" preserveAspectRatio=\"none\">\n\t<path class=\"elementor-shape-fill\" d=\"M421.9,6.5c22.6-2.5,51.5,0.4,75.5,5.3c23.6,4.9,70.9,23.5,100.5,35.7c75.8,32.2,133.7,44.5,192.6,49.7\n\tc23.6,2.1,48.7,3.5,103.4-2.5c54.7-6,106.2-25.6,106.2-25.6V0H0v30.3c0,0,72,32.6,158.4,30.5c39.2-0.7,92.8-6.7,134-22.4\n\tc21.2-8.1,52.2-18.2,79.7-24.2C399.3,7.9,411.6,7.5,421.9,6.5z\"\/>\n<\/svg>\t\t<\/div>\n\t\t<div class=\"elementor-element elementor-element-503c556 e-con-full e-flex e-con e-child\" data-id=\"503c556\" data-element_type=\"container\">\n\t\t\t\t<div class=\"elementor-element elementor-element-1da9978 elementor-widget elementor-widget-text-editor\" data-id=\"1da9978\" data-element_type=\"widget\" data-widget_type=\"text-editor.default\">\n\t\t\t\t<div class=\"elementor-widget-container\">\n\t\t\t\t\t\t\t\t\t<p>La Filatelia es una actividad o pasatiempo que trata b\u00e1sicamente del conocimiento de los sellos, especialmente de los de correos.<\/p><p>La afici\u00f3n a los sellos est\u00e1 muy extendida en el mundo, calcul\u00e1ndose en millones las personas dedicadas a coleccionar sellos postales, porque de eso se trata principalmente, de coleccionar e intercambiar sellos de cualquier pa\u00eds del mundo o de cualquier tema.<\/p><p>Los coleccionistas de sellos del pa\u00eds o filatelistas, como son llamados, est\u00e1n agrupados bajo los auspicios de la Sociedad Filat\u00e9lica Dominicana.<\/p><p>En el Inposdom, contamos con el departamento de Filatelia, que oferta a todos los filatelistas del pa\u00eds, del mundo o al p\u00fablico en general, los sellos que emite nuestro pa\u00eds. Nuestro servicio de abonados maneja m\u00e1s de 200 cuentas filat\u00e9licas, con clientes en 3 continentes.<\/p><p>El servicio filat\u00e9lico del Inposdom tiene a su cargo, adem\u00e1s, la coordinaci\u00f3n y organizaci\u00f3n de los actos de puesta en circulaci\u00f3n de cada sello postal y cuenta con un grupo de asesores que conforman la Comisi\u00f3n Oficial Filat\u00e9lica, quienes colaboran directamente en la aprobaci\u00f3n, selecci\u00f3n y dise\u00f1o de las emisiones postales.<\/p><p>En la actualidad contamos en nuestro inventario con colecciones desde 1993 hasta lo m\u00e1s reciente del 2012 , conjuntamente con otros productos filat\u00e9licos que se comercializan en el departamento, tales como, souvenirs, sobres de primer d\u00eda de emisi\u00f3n, hojas souvenir \/ maxifilias, cachets, etc.<\/p><p>La sede central cuenta con la ventanilla de mayor variedad y m\u00e1s completa de estos productos para venta al p\u00fablico, no obstante, contamos con venta de sellos de colecci\u00f3n en las administraciones de la Zona Colonial, la Romana, Boca Chica, Santiago, Puerto Plata, Sosua, Higuey y Saman\u00e1 y en planes de expansi\u00f3n a otras ciudades del interior del pa\u00eds.<\/p><p><strong>Sello Postal<\/strong><\/p><p>El sello postal es una estampilla que se emite mediante decreto del poder ejecutivo, haciendo alusi\u00f3n a eventos y personajes hist\u00f3ricos, temas nacionales y sociales, y es prueba del pago del franqueo correspondiente a su valor intr\u00ednseco cuando est\u00e1 colocado en un env\u00edo postal. Puede decirse tambi\u00e9n que es la forma m\u00e1s difundida para el pago por adelantado de otros servicios que presta el Correo. En la actualidad adem\u00e1s constituye la base de una actividad econ\u00f3mica reconocida mundialmente, la Filatelia.<\/p><p>La emisi\u00f3n de un sello de correos es un acto de soberan\u00eda y estos constituyen el mejor medio de promoci\u00f3n de una naci\u00f3n.<\/p><p><strong>Emisiones Postales<\/strong><\/p><p>As\u00ed se le llama a las diferentes especies timbradas, es decir a los sellos que se ponen a circular por el Instituto Postal Dominicano con el prop\u00f3sito de celebrar alg\u00fan acontecimiento ya sea de car\u00e1cter nacional o internacional de renombre, enti\u00e9ndase con esto, hechos hist\u00f3ricos, aniversarios de Instituciones, celebraciones de Congresos, d\u00edas conmemorativos de alg\u00fan tema en particular. Tambi\u00e9n aniversarios de nacimientos o de la muerte de personajes importantes. As\u00ed mismo, estas emisiones presentan rasgos caracter\u00edsticos que nos identifican como pa\u00eds o como naci\u00f3n, entre las que se encuentran la fauna, la flora, costumbres, folklore y m\u00fasica.<\/p><p>Las Emisiones Postales son solicitadas al INPOSDOM v\u00eda una comunicaci\u00f3n dirigida a la Direcci\u00f3n General y evaluadas por la Comisi\u00f3n Oficial Filat\u00e9lica, la cual est\u00e1 presidida por el Director General de turno.<\/p><p>Las solicitudes de emisiones postales deben realizarse con un m\u00ednimo de 18 meses antes de la puesta en circulaci\u00f3n y los aniversarios celebran 25 a\u00f1os o m\u00faltiplos de este n\u00famero. Para personajes, es requisito que la persona tenga 10 a\u00f1os de fallecido y sus aportes a la sociedad hayan sido incuestionables.<\/p><p><strong>Matasellos<\/strong><\/p><p>Es la marca con la cual en las oficinas postales o agencias autorizadas se inutilizan los sellos de franqueo, con indicaci\u00f3n de fecha y lugar de aplicaci\u00f3n.<\/p><p><strong>Matasellos de Primer D\u00eda<\/strong><\/p><p>Es el t\u00e9rmino utilizado para describir la cancelaci\u00f3n realizada por la autoridad postal para matasellar el sello en su primer d\u00eda de emisi\u00f3n, con ilustraci\u00f3n alusiva al tema, normalmente en un sobre especial llamado sobre de primer d\u00eda.<\/p>\t\t\t\t\t\t\t\t<\/div>\n\t\t\t\t<\/div>\n\t\t\t\t<\/div>\n\t\t\t\t\t<\/div>\n\t\t\t\t<\/div>\n\t\t\t\t<\/div>\n\t\t","protected":false},"excerpt":{"rendered":"<p>Mundo Filat\u00e9lico Inicio \/ P\u00e1gina La Filatelia es una actividad o pasatiempo que trata b\u00e1sicamente del conocimiento de los sellos, especialmente de los de correos. La afici\u00f3n a los sellos est\u00e1 muy extendida en el mundo, calcul\u00e1ndose en millones las personas dedicadas a coleccionar sellos postales, porque de eso se trata principalmente, de coleccionar e [&hellip;]<\/p>\n","protected":false},"author":1,"featured_media":0,"parent":0,"menu_order":0,"comment_status":"closed","ping_status":"closed","template":"elementor_header_footer","meta":{"footnotes":""},"class_list":["post-1313","page","type-page","status-publish","hentry"],"_links":{"self":[{"href":"https:\/\/inposdom.gob.do\/filatelia\/wp-json\/wp\/v2\/pages\/1313","targetHints":{"allow":["GET"]}}],"collection":[{"href":"https:\/\/inposdom.gob.do\/filatelia\/wp-json\/wp\/v2\/pages"}],"about":[{"href":"https:\/\/inposdom.gob.do\/filatelia\/wp-json\/wp\/v2\/types\/page"}],"author":[{"embeddable":true,"href":"https:\/\/inposdom.gob.do\/filatelia\/wp-json\/wp\/v2\/users\/1"}],"replies":[{"embeddable":true,"href":"https:\/\/inposdom.gob.do\/filatelia\/wp-json\/wp\/v2\/comments?post=1313"}],"version-history":[{"count":3,"href":"https:\/\/inposdom.gob.do\/filatelia\/wp-json\/wp\/v2\/pages\/1313\/revisions"}],"predecessor-version":[{"id":2495,"href":"https:\/\/inposdom.gob.do\/filatelia\/wp-json\/wp\/v2\/pages\/1313\/revisions\/2495"}],"wp:attachment":[{"href":"https:\/\/inposdom.gob.do\/filatelia\/wp-json\/wp\/v2\/media?parent=1313"}],"curies":[{"name":"wp","href":"https:\/\/api.w.org\/{rel}","templated":true}]}}